{"id":10,"date":"2019-01-23T10:15:26","date_gmt":"2019-01-23T10:15:26","guid":{"rendered":"http:\/\/heimatverein-huell.de\/?page_id=10"},"modified":"2026-01-03T08:46:17","modified_gmt":"2026-01-03T08:46:17","slug":"veranstaltungen","status":"publish","type":"page","link":"https:\/\/heimatverein-huell.de\/?page_id=10","title":{"rendered":"geplante Veranstaltung 2026"},"content":{"rendered":"\n<p><strong>06. Februar 2026<\/strong><\/p>\n\n\n\n<p><strong>19.30 Uhr<\/strong>       <strong>Jahreshauptversammlung im Dorfgemeinschaftshaus H\u00fcll<\/strong><\/p>\n\n\n\n<p><strong>17. Mai 2026<\/strong><\/p>\n\n\n\n<p><strong>14&nbsp;&#8211;&nbsp;17&nbsp;Uhr      &nbsp;Internationaler&nbsp;Museumstag&nbsp;&#8222;Wir&nbsp;\u00f6ffnen&nbsp;die&nbsp;T\u00fcren&#8220;<\/strong><\/p>\n\n\n\n<p>                              <strong>mit Kaffee und Kuchen<\/strong><\/p>\n\n\n\n<p><strong>14. Juni 2026<\/strong><\/p>\n\n\n\n<p>                            <strong>35 Nieders\u00e4chsisches Spinntreffen<\/strong>  <\/p>\n\n\n\n<p><strong>11 &#8211; 17 Uhr &nbsp;     mit Kaffee und Kuchen<\/strong><\/p>\n\n\n\n<p><strong>05. Juli 2026<\/strong><\/p>\n\n\n\n<p><strong>11 Uhr                PLATTD\u00dc\u00dcTSCHE KARK&nbsp;danach&nbsp;Mittagessen&nbsp;mit&nbsp;Eintopf<\/strong><\/p>\n\n\n\n<p><strong>14 Uhr               Sommerfest\/Kinderfest                                                                                                                              Kaffeetafel mit frischen Butterkuchen aus dem Steinbackofen<\/strong><\/p>\n\n\n\n<p><strong>16. August 2026                    <\/strong><\/p>\n\n\n\n<p><strong> 14 -17 Uhr       ge\u00f6ffnet mit Kaffee und Kuchen<\/strong><\/p>\n\n\n\n<p><strong>16. September 2026            <\/strong><\/p>\n\n\n\n<p><strong>14 &#8211; 17 Uhr         Tag des offenen Denkmals<\/strong><\/p>\n\n\n\n<p>                                 <strong>mit Kaffee und Kuchen<\/strong><\/p>\n\n\n\n<p><strong>3. Oktober 2026<\/strong> <\/p>\n\n\n\n<p><strong>14 Uhr                  Backfest                                                                                                                                                       Kaffeetafel mit frischem Butterkuchen aus dem Steinbackofen<\/strong><\/p>\n\n\n\n<p><strong>11.Dezember 2026   <\/strong><\/p>\n\n\n\n<p><strong>19.00 Uhr           Gr\u00fcnkohlessen auf dem Heimathof, Niederh\u00fcll 23<\/strong><\/p>\n\n\n\n<p>Mit einem gem\u00fctlichen Adventsabend m\u00f6chten wir den Gr\u00fcndungstag des Heimatvereins H\u00fcll und Umgeb. e.V. feiern.<\/p>\n\n\n\n<p>Dazu laden wir zum Gr\u00fcnkohlessen recht herzlich ein.<br>Heiteres und Besinnliches &#8222;op Platt&#8220; <\/p>\n\n\n\n<p>Abgerundet wird der Abend mit bekannten Weihnachtsliedern<\/p>\n\n\n\n<p> Anmeldungen bei Antje Funck (Tel.:04775\/898547) oder Helga Da\u00df(Tel. 04775\/665)&nbsp;bis zum 5. Dezember 2026                                                                                               (<\/p>\n\n\n\n<p><\/p>\n","protected":false},"excerpt":{"rendered":"<p>06. Februar 2026 19.30 Uhr Jahreshauptversammlung im Dorfgemeinschaftshaus H\u00fcll 17. Mai 2026 14&nbsp;&#8211;&nbsp;17&nbsp;Uhr &nbsp;Internationaler&nbsp;Museumstag&nbsp;&#8222;Wir&nbsp;\u00f6ffnen&nbsp;die&nbsp;T\u00fcren&#8220; mit Kaffee und Kuchen 14. Juni 2026 35 Nieders\u00e4chsisches Spinntreffen 11 &#8211; 17 Uhr &nbsp; mit Kaffee und Kuchen 05. Juli 2026 11 Uhr PLATTD\u00dc\u00dcTSCHE KARK&nbsp;danach&nbsp;Mittagessen&nbsp;mit&nbsp;Eintopf 14 Uhr Sommerfest\/Kinderfest Kaffeetafel mit frischen Butterkuchen aus dem Steinbackofen 16. August 2026 14 -17 &hellip; <\/p>\n<p class=\"link-more\"><a href=\"https:\/\/heimatverein-huell.de\/?page_id=10\" class=\"more-link\"><span class=\"screen-reader-text\">&#8222;geplante Veranstaltung 2026&#8220;<\/span> weiterlesen<\/a><\/p>\n","protected":false},"author":1,"featured_media":0,"parent":0,"menu_order":0,"comment_status":"closed","ping_status":"closed","template":"","meta":[],"_links":{"self":[{"href":"https:\/\/heimatverein-huell.de\/index.php?rest_route=\/wp\/v2\/pages\/10"}],"collection":[{"href":"https:\/\/heimatverein-huell.de\/index.php?rest_route=\/wp\/v2\/pages"}],"about":[{"href":"https:\/\/heimatverein-huell.de\/index.php?rest_route=\/wp\/v2\/types\/page"}],"author":[{"embeddable":true,"href":"https:\/\/heimatverein-huell.de\/index.php?rest_route=\/wp\/v2\/users\/1"}],"replies":[{"embeddable":true,"href":"https:\/\/heimatverein-huell.de\/index.php?rest_route=%2Fwp%2Fv2%2Fcomments&post=10"}],"version-history":[{"count":53,"href":"https:\/\/heimatverein-huell.de\/index.php?rest_route=\/wp\/v2\/pages\/10\/revisions"}],"predecessor-version":[{"id":273,"href":"https:\/\/heimatverein-huell.de\/index.php?rest_route=\/wp\/v2\/pages\/10\/revisions\/273"}],"wp:attachment":[{"href":"https:\/\/heimatverein-huell.de\/index.php?rest_route=%2Fwp%2Fv2%2Fmedia&parent=10"}],"curies":[{"name":"wp","href":"https:\/\/api.w.org\/{rel}","templated":true}]}}