{"id":11,"date":"2019-01-23T10:26:03","date_gmt":"2019-01-23T10:26:03","guid":{"rendered":"http:\/\/heimatverein-huell.de\/?page_id=11"},"modified":"2023-02-27T09:38:15","modified_gmt":"2023-02-27T09:38:15","slug":"mitgliedschaft","status":"publish","type":"page","link":"https:\/\/heimatverein-huell.de\/?page_id=11","title":{"rendered":"Mitgliedschaft"},"content":{"rendered":"\n<p>Wenn Sie uns beim Erhalt des Geh\u00f6ftes und den vielf\u00e4ltigen Aufgaben unseres gemeinn\u00fctzigen Vereines aktiv, passiv oder finanziell unterst\u00fctzen m\u00f6chten, laden wir sie zur Mitgliedschaft recht herzlich ein. Der Jahresbeitrag betr\u00e4gt zur Zeit pro Mitglied 10 Euro<\/p>\n\n\n\n<p>      <strong>Beitrittserkl\u00e4rung<\/strong><\/p>\n\n\n\n<p><\/p>\n\n\n\n<p>Name \/ Vorname__________________________________________________________<\/p>\n\n\n\n<p><\/p>\n\n\n\n<p>Geburtstag_______________________________________________________________<\/p>\n\n\n\n<p><\/p>\n\n\n\n<p>Stra\u00dfe\/Nr.________________________________________________________________<\/p>\n\n\n\n<p><\/p>\n\n\n\n<p>Wohnort__________________________________________________________________<\/p>\n\n\n\n<p><\/p>\n\n\n\n<p>Beruf_____________________________________________________________________<\/p>\n\n\n\n<p><\/p>\n\n\n\n<p>E-mail_____________________________________________________________________<\/p>\n\n\n\n<p><\/p>\n\n\n\n<p>Datum____________________________________________________________________<\/p>\n\n\n\n<p><\/p>\n\n\n\n<p>Unterschrift_______________________________________________________________                                                                                         <\/p>\n\n\n\n<div class=\"wp-block-file\"><a id=\"wp-block-file--media-94b4385f-75f6-4341-a8d9-3f706d011f7e\" href=\"http:\/\/heimatverein-huell.de\/wp-content\/uploads\/2019\/02\/Sepa_HV.pdf\">Sepa_HV<\/a><a href=\"http:\/\/heimatverein-huell.de\/wp-content\/uploads\/2019\/02\/Sepa_HV.pdf\" class=\"wp-block-file__button wp-element-button\" download aria-describedby=\"wp-block-file--media-94b4385f-75f6-4341-a8d9-3f706d011f7e\">Herunterladen<\/a><\/div>\n\n\n\n<p>                                                                           <\/p>\n","protected":false},"excerpt":{"rendered":"<p>Wenn Sie uns beim Erhalt des Geh\u00f6ftes und den vielf\u00e4ltigen Aufgaben unseres gemeinn\u00fctzigen Vereines aktiv, passiv oder finanziell unterst\u00fctzen m\u00f6chten, laden wir sie zur Mitgliedschaft recht herzlich ein. Der Jahresbeitrag betr\u00e4gt zur Zeit pro Mitglied 10 Euro Beitrittserkl\u00e4rung Name \/ Vorname__________________________________________________________ Geburtstag_______________________________________________________________ Stra\u00dfe\/Nr.________________________________________________________________ Wohnort__________________________________________________________________ Beruf_____________________________________________________________________ E-mail_____________________________________________________________________ Datum____________________________________________________________________ Unterschrift_______________________________________________________________<\/p>\n","protected":false},"author":1,"featured_media":0,"parent":0,"menu_order":0,"comment_status":"closed","ping_status":"closed","template":"","meta":[],"_links":{"self":[{"href":"https:\/\/heimatverein-huell.de\/index.php?rest_route=\/wp\/v2\/pages\/11"}],"collection":[{"href":"https:\/\/heimatverein-huell.de\/index.php?rest_route=\/wp\/v2\/pages"}],"about":[{"href":"https:\/\/heimatverein-huell.de\/index.php?rest_route=\/wp\/v2\/types\/page"}],"author":[{"embeddable":true,"href":"https:\/\/heimatverein-huell.de\/index.php?rest_route=\/wp\/v2\/users\/1"}],"replies":[{"embeddable":true,"href":"https:\/\/heimatverein-huell.de\/index.php?rest_route=%2Fwp%2Fv2%2Fcomments&post=11"}],"version-history":[{"count":5,"href":"https:\/\/heimatverein-huell.de\/index.php?rest_route=\/wp\/v2\/pages\/11\/revisions"}],"predecessor-version":[{"id":242,"href":"https:\/\/heimatverein-huell.de\/index.php?rest_route=\/wp\/v2\/pages\/11\/revisions\/242"}],"wp:attachment":[{"href":"https:\/\/heimatverein-huell.de\/index.php?rest_route=%2Fwp%2Fv2%2Fmedia&parent=11"}],"curies":[{"name":"wp","href":"https:\/\/api.w.org\/{rel}","templated":true}]}}