{"id":12,"date":"2019-01-23T10:14:01","date_gmt":"2019-01-23T10:14:01","guid":{"rendered":"http:\/\/heimatverein-huell.de\/?page_id=12"},"modified":"2021-11-03T16:11:04","modified_gmt":"2021-11-03T16:11:04","slug":"kontakt","status":"publish","type":"page","link":"https:\/\/heimatverein-huell.de\/?page_id=12","title":{"rendered":"Kontakt"},"content":{"rendered":"\n<p>Heimatverein H\u00fcll und Umgeb. e. V.<\/p>\n\n\n\n<p>Antje Funck, Kleine R\u00f6nne 5, 21706 Drochtersen-H\u00fcll, Tel.:04775\/898547 <\/p>\n\n\n\n<p>Helga Da\u00df, Oberh\u00fcll 9, 21706 Drochtersen-H\u00fcll, Tel. :04775\/665<\/p>\n\n\n\n<p> kontakt@heimatverein-huell.de <\/p>\n\n\n\n<p>Uns zu finden ist nicht schwer:<\/p>\n\n\n\n<ul><li>Heimathof H\u00fcll, Niederh\u00fcll 23, 21706 Drochtersen-H\u00fcll\u00a0\u00a0\u00a0\u00a0\u00a0\u00a0\u00a0\u00a0\u00a0\u00a0\u00a0\u00a0\u00a0\u00a0\u00a0\u00a0\u00a0\u00a0\u00a0\u00a0\u00a0\u00a0\u00a0\u00a0\u00a0\u00a0\u00a0\u00a0\u00a0\u00a0\u00a0\u00a0\u00a0\u00a0\u00a0\u00a0\u00a0\u00a0\u00a0\u00a0\u00a0\u00a0\u00a0\u00a0\u00a0\u00a0\u00a0\u00a0\u00a0\u00a0\u00a0\u00a0\u00a0\u00a0\u00a0\u00a0\u00a0\u00a0\u00a0\u00a0<\/li><li> \u00fcber die B 495 Abfahrten Altendorf oder Wolfsbruch  <\/li><li>\u00a0\u00fcber die <strong>B 73 <\/strong>Abfahrten Himmelpforten\u00a0oder Hemmoor\u00a0<\/li><li>\u00a0\u00fcber die<strong>\u00a0L 111 <\/strong>Abfahrt Dornbusch <\/li><\/ul>\n","protected":false},"excerpt":{"rendered":"<p>Heimatverein H\u00fcll und Umgeb. e. V. Antje Funck, Kleine R\u00f6nne 5, 21706 Drochtersen-H\u00fcll, Tel.:04775\/898547 Helga Da\u00df, Oberh\u00fcll 9, 21706 Drochtersen-H\u00fcll, Tel. :04775\/665 kontakt@heimatverein-huell.de Uns zu finden ist nicht schwer: Heimathof H\u00fcll, Niederh\u00fcll 23, 21706 Drochtersen-H\u00fcll\u00a0\u00a0\u00a0\u00a0\u00a0\u00a0\u00a0\u00a0\u00a0\u00a0\u00a0\u00a0\u00a0\u00a0\u00a0\u00a0\u00a0\u00a0\u00a0\u00a0\u00a0\u00a0\u00a0\u00a0\u00a0\u00a0\u00a0\u00a0\u00a0\u00a0\u00a0\u00a0\u00a0\u00a0\u00a0\u00a0\u00a0\u00a0\u00a0\u00a0\u00a0\u00a0\u00a0\u00a0\u00a0\u00a0\u00a0\u00a0\u00a0\u00a0\u00a0\u00a0\u00a0\u00a0\u00a0\u00a0\u00a0\u00a0\u00a0\u00a0 \u00fcber die B 495 Abfahrten Altendorf oder Wolfsbruch \u00a0\u00fcber die B 73 Abfahrten Himmelpforten\u00a0oder Hemmoor\u00a0 \u00a0\u00fcber die\u00a0L 111 Abfahrt Dornbusch<\/p>\n","protected":false},"author":1,"featured_media":0,"parent":0,"menu_order":0,"comment_status":"closed","ping_status":"closed","template":"","meta":[],"_links":{"self":[{"href":"https:\/\/heimatverein-huell.de\/index.php?rest_route=\/wp\/v2\/pages\/12"}],"collection":[{"href":"https:\/\/heimatverein-huell.de\/index.php?rest_route=\/wp\/v2\/pages"}],"about":[{"href":"https:\/\/heimatverein-huell.de\/index.php?rest_route=\/wp\/v2\/types\/page"}],"author":[{"embeddable":true,"href":"https:\/\/heimatverein-huell.de\/index.php?rest_route=\/wp\/v2\/users\/1"}],"replies":[{"embeddable":true,"href":"https:\/\/heimatverein-huell.de\/index.php?rest_route=%2Fwp%2Fv2%2Fcomments&post=12"}],"version-history":[{"count":5,"href":"https:\/\/heimatverein-huell.de\/index.php?rest_route=\/wp\/v2\/pages\/12\/revisions"}],"predecessor-version":[{"id":224,"href":"https:\/\/heimatverein-huell.de\/index.php?rest_route=\/wp\/v2\/pages\/12\/revisions\/224"}],"wp:attachment":[{"href":"https:\/\/heimatverein-huell.de\/index.php?rest_route=%2Fwp%2Fv2%2Fmedia&parent=12"}],"curies":[{"name":"wp","href":"https:\/\/api.w.org\/{rel}","templated":true}]}}