{"id":13,"date":"2019-01-23T10:26:03","date_gmt":"2019-01-23T10:26:03","guid":{"rendered":"http:\/\/heimatverein-huell.de\/?page_id=13"},"modified":"2019-02-07T09:39:40","modified_gmt":"2019-02-07T09:39:40","slug":"ehrenamt","status":"publish","type":"page","link":"https:\/\/heimatverein-huell.de\/?page_id=13","title":{"rendered":"Ehrenamt"},"content":{"rendered":"\n<ul><li>Durch die Ehrenamtliche T\u00e4tigkeit unser Mitglieder erf\u00e4hrt der Heimathof eine  gro\u00dfe Wertsch\u00e4tzung.<\/li><\/ul>\n\n\n\n<ul class=\"is-layout-flex wp-block-gallery-1 wp-block-gallery columns-3 is-cropped\"><li class=\"blocks-gallery-item\"><figure><img decoding=\"async\" loading=\"lazy\" width=\"300\" height=\"225\" src=\"http:\/\/heimatverein-huell.de\/wp-content\/uploads\/2019\/01\/P1010021-300x225.jpg\" alt=\"\" data-id=\"81\" class=\"wp-image-81\" srcset=\"https:\/\/heimatverein-huell.de\/wp-content\/uploads\/2019\/01\/P1010021-300x225.jpg 300w, https:\/\/heimatverein-huell.de\/wp-content\/uploads\/2019\/01\/P1010021-768x576.jpg 768w, https:\/\/heimatverein-huell.de\/wp-content\/uploads\/2019\/01\/P1010021-1024x768.jpg 1024w, https:\/\/heimatverein-huell.de\/wp-content\/uploads\/2019\/01\/P1010021.jpg 1600w\" sizes=\"(max-width: 300px) 100vw, 300px\" \/><\/figure><\/li><li class=\"blocks-gallery-item\"><figure><img decoding=\"async\" loading=\"lazy\" width=\"1024\" height=\"768\" src=\"http:\/\/heimatverein-huell.de\/wp-content\/uploads\/2019\/01\/145-Hildegard-Elfriede-Irmgard-1024x768.jpg\" alt=\"\" data-id=\"90\" data-link=\"http:\/\/heimatverein-huell.de\/?attachment_id=90\" class=\"wp-image-90\" srcset=\"https:\/\/heimatverein-huell.de\/wp-content\/uploads\/2019\/01\/145-Hildegard-Elfriede-Irmgard-1024x768.jpg 1024w, https:\/\/heimatverein-huell.de\/wp-content\/uploads\/2019\/01\/145-Hildegard-Elfriede-Irmgard-300x225.jpg 300w, https:\/\/heimatverein-huell.de\/wp-content\/uploads\/2019\/01\/145-Hildegard-Elfriede-Irmgard-768x576.jpg 768w, https:\/\/heimatverein-huell.de\/wp-content\/uploads\/2019\/01\/145-Hildegard-Elfriede-Irmgard.jpg 1600w\" sizes=\"(max-width: 767px) 89vw, (max-width: 1000px) 54vw, (max-width: 1071px) 543px, 580px\" \/><\/figure><\/li><li class=\"blocks-gallery-item\"><figure><img decoding=\"async\" loading=\"lazy\" width=\"1024\" height=\"576\" src=\"http:\/\/heimatverein-huell.de\/wp-content\/uploads\/2019\/02\/20171122_092556-1-1024x576.jpg\" alt=\"\" data-id=\"107\" data-link=\"http:\/\/heimatverein-huell.de\/?attachment_id=107\" class=\"wp-image-107\" srcset=\"https:\/\/heimatverein-huell.de\/wp-content\/uploads\/2019\/02\/20171122_092556-1-1024x576.jpg 1024w, https:\/\/heimatverein-huell.de\/wp-content\/uploads\/2019\/02\/20171122_092556-1-300x169.jpg 300w, https:\/\/heimatverein-huell.de\/wp-content\/uploads\/2019\/02\/20171122_092556-1-768x432.jpg 768w\" sizes=\"(max-width: 767px) 89vw, (max-width: 1000px) 54vw, (max-width: 1071px) 543px, 580px\" \/><\/figure><\/li><\/ul>\n\n\n\n<p>Alle Arbeiten werden von unseren Mitgliedern ehrenamtlich ( ohne Entgelt ) ausgef\u00fchrt :<\/p>\n\n\n\n<ul><li>bei den Bau- und  Renovierungsarbeiten <\/li><li>auf dem Hof oder dem  Acker <\/li><li>&nbsp;im Gem\u00fcse- oder Blumengarten<\/li><li>im Haus <\/li><li>bei den Veranstaltungen <\/li><li>bei den Besuchen von  Gruppen <\/li><li>bei den Besuchen von  Kinderg\u00e4rten oder  Schulg\u00e4rten<\/li><li>bei F\u00fchrungen<\/li><li><\/li><\/ul>\n\n\n\n<ul class=\"is-layout-flex wp-block-gallery-3 wp-block-gallery columns-3 is-cropped\"><li class=\"blocks-gallery-item\"><figure><img decoding=\"async\" loading=\"lazy\" width=\"1024\" height=\"768\" src=\"http:\/\/heimatverein-huell.de\/wp-content\/uploads\/2019\/01\/P1010043-1-1024x768.jpg\" alt=\"\" data-id=\"84\" data-link=\"http:\/\/heimatverein-huell.de\/?attachment_id=84\" class=\"wp-image-84\" srcset=\"https:\/\/heimatverein-huell.de\/wp-content\/uploads\/2019\/01\/P1010043-1-1024x768.jpg 1024w, https:\/\/heimatverein-huell.de\/wp-content\/uploads\/2019\/01\/P1010043-1-300x225.jpg 300w, https:\/\/heimatverein-huell.de\/wp-content\/uploads\/2019\/01\/P1010043-1-768x576.jpg 768w, https:\/\/heimatverein-huell.de\/wp-content\/uploads\/2019\/01\/P1010043-1.jpg 1600w\" sizes=\"(max-width: 767px) 89vw, (max-width: 1000px) 54vw, (max-width: 1071px) 543px, 580px\" \/><\/figure><\/li><li class=\"blocks-gallery-item\"><figure><img decoding=\"async\" loading=\"lazy\" width=\"1024\" height=\"768\" src=\"http:\/\/heimatverein-huell.de\/wp-content\/uploads\/2019\/02\/P1010011-1024x768.jpg\" alt=\"\" data-id=\"108\" data-link=\"http:\/\/heimatverein-huell.de\/?attachment_id=108\" class=\"wp-image-108\" srcset=\"https:\/\/heimatverein-huell.de\/wp-content\/uploads\/2019\/02\/P1010011-1024x768.jpg 1024w, https:\/\/heimatverein-huell.de\/wp-content\/uploads\/2019\/02\/P1010011-300x225.jpg 300w, https:\/\/heimatverein-huell.de\/wp-content\/uploads\/2019\/02\/P1010011-768x576.jpg 768w, https:\/\/heimatverein-huell.de\/wp-content\/uploads\/2019\/02\/P1010011.jpg 1600w\" sizes=\"(max-width: 767px) 89vw, (max-width: 1000px) 54vw, (max-width: 1071px) 543px, 580px\" \/><figcaption>OLYMPUS DIGITAL CAMERA<\/figcaption><\/figure><\/li><li class=\"blocks-gallery-item\"><figure><img decoding=\"async\" loading=\"lazy\" width=\"1024\" height=\"576\" src=\"http:\/\/heimatverein-huell.de\/wp-content\/uploads\/2019\/02\/20180629_171240-1024x576.jpg\" alt=\"\" data-id=\"109\" data-link=\"http:\/\/heimatverein-huell.de\/?attachment_id=109\" class=\"wp-image-109\" srcset=\"https:\/\/heimatverein-huell.de\/wp-content\/uploads\/2019\/02\/20180629_171240-1024x576.jpg 1024w, https:\/\/heimatverein-huell.de\/wp-content\/uploads\/2019\/02\/20180629_171240-300x169.jpg 300w, https:\/\/heimatverein-huell.de\/wp-content\/uploads\/2019\/02\/20180629_171240-768x432.jpg 768w\" sizes=\"(max-width: 767px) 89vw, (max-width: 1000px) 54vw, (max-width: 1071px) 543px, 580px\" \/><\/figure><\/li><\/ul>\n\n\n\n<p>Unsere Mitglieder verbinden sich mit dem Konzept  zur Erhaltung der Hofanlage&nbsp;und der&nbsp;\u00dcbermittlung alter Lebens- und Arbeitsweisen, nur so kann der Heimathof erhalten bleiben.<\/p>\n","protected":false},"excerpt":{"rendered":"<p>Durch die Ehrenamtliche T\u00e4tigkeit unser Mitglieder erf\u00e4hrt der Heimathof eine gro\u00dfe Wertsch\u00e4tzung. Alle Arbeiten werden von unseren Mitgliedern ehrenamtlich ( ohne Entgelt ) ausgef\u00fchrt : bei den Bau- und Renovierungsarbeiten auf dem Hof oder dem Acker &nbsp;im Gem\u00fcse- oder Blumengarten im Haus bei den Veranstaltungen bei den Besuchen von Gruppen bei den Besuchen von Kinderg\u00e4rten &hellip; <\/p>\n<p class=\"link-more\"><a href=\"https:\/\/heimatverein-huell.de\/?page_id=13\" class=\"more-link\"><span class=\"screen-reader-text\">&#8222;Ehrenamt&#8220;<\/span> weiterlesen<\/a><\/p>\n","protected":false},"author":1,"featured_media":0,"parent":0,"menu_order":0,"comment_status":"closed","ping_status":"closed","template":"","meta":[],"_links":{"self":[{"href":"https:\/\/heimatverein-huell.de\/index.php?rest_route=\/wp\/v2\/pages\/13"}],"collection":[{"href":"https:\/\/heimatverein-huell.de\/index.php?rest_route=\/wp\/v2\/pages"}],"about":[{"href":"https:\/\/heimatverein-huell.de\/index.php?rest_route=\/wp\/v2\/types\/page"}],"author":[{"embeddable":true,"href":"https:\/\/heimatverein-huell.de\/index.php?rest_route=\/wp\/v2\/users\/1"}],"replies":[{"embeddable":true,"href":"https:\/\/heimatverein-huell.de\/index.php?rest_route=%2Fwp%2Fv2%2Fcomments&post=13"}],"version-history":[{"count":7,"href":"https:\/\/heimatverein-huell.de\/index.php?rest_route=\/wp\/v2\/pages\/13\/revisions"}],"predecessor-version":[{"id":110,"href":"https:\/\/heimatverein-huell.de\/index.php?rest_route=\/wp\/v2\/pages\/13\/revisions\/110"}],"wp:attachment":[{"href":"https:\/\/heimatverein-huell.de\/index.php?rest_route=%2Fwp%2Fv2%2Fmedia&parent=13"}],"curies":[{"name":"wp","href":"https:\/\/api.w.org\/{rel}","templated":true}]}}