{"id":17,"date":"2019-01-23T10:01:51","date_gmt":"2019-01-23T10:01:51","guid":{"rendered":"http:\/\/heimatverein-huell.de\/?page_id=17"},"modified":"2019-08-18T13:19:02","modified_gmt":"2019-08-18T13:19:02","slug":"heimathof","status":"publish","type":"page","link":"https:\/\/heimatverein-huell.de\/?page_id=17","title":{"rendered":"Heimathof"},"content":{"rendered":"\n<p>Seit der Gr\u00fcndung des Heimatvereins wurde nach einem Anwesen gesucht um das Leben und Arbeiten, sowie Ger\u00e4te und Maschinen aus fr\u00fcheren Jahren zu zeigen. Im Jahr 1992 stand der &#8222;Elfersche Hof&#8220; zum Verkauf, seine Besitzer Johannes und Martha Elfers waren verstorben. Mit Hilfe der Gemeindeverwaltung und des Gemeinderates wurde am 8. Juli 1992 der Kaufvertrag unterschrieben. Im Winter 1992\/1993 wurden die ersten Renovierungen am und im Haus vorgenommen, soda\u00df am 3. Juli 1993 durch die Schl\u00fcssel\u00fcbergabe vom B\u00fcrgermeister Helmut Barwig an den damaligen 1. Vorsitzenden Gerd Oellrich in den Besitz des Heimatverein \u00fcberging.<\/p>\n\n\n\n<figure class=\"wp-block-image\"><img decoding=\"async\" loading=\"lazy\" width=\"1024\" height=\"683\" src=\"http:\/\/heimatverein-huell.de\/wp-content\/uploads\/2019\/01\/Heimathof-Oktober-2017-19-1024x683.jpg\" alt=\"\" class=\"wp-image-34\" srcset=\"https:\/\/heimatverein-huell.de\/wp-content\/uploads\/2019\/01\/Heimathof-Oktober-2017-19-1024x683.jpg 1024w, https:\/\/heimatverein-huell.de\/wp-content\/uploads\/2019\/01\/Heimathof-Oktober-2017-19-300x200.jpg 300w, https:\/\/heimatverein-huell.de\/wp-content\/uploads\/2019\/01\/Heimathof-Oktober-2017-19-768x512.jpg 768w\" sizes=\"(max-width: 767px) 89vw, (max-width: 1000px) 54vw, (max-width: 1071px) 543px, 580px\" \/><\/figure>\n\n\n\n<p>Eingebettet in die reizvolle Moorlandschaft, im s\u00fcdlichen Teil von Niederh\u00fcll liegt das ehemals &#8222;Elfersche Anwesen&#8220;, der jetzige Heimathof H\u00fcll. Seit 1992 ist die kleine ca. 1,5 ha. gro\u00dfe und denkmalgesch\u00fctzte Hofstelle im Besitz des Heimatvereins H\u00fcll und Umgeb. e. V.. Mittelpunkt der gesamten Anlage ist die, um 1850 erbaute, typische kleinb\u00e4uerliche Kehdinger Hofanlage mit Hauptgeb\u00e4ude und Kruppscheune. Sie ist im Ursprung, einschlie\u00dflich ihrer historischen Inneneinrichtung, erhalten. Zusammen mit den Nebengeb\u00e4uden &#8211; dem Backhaus &#8211; sowie dem ger\u00e4umigen Hofplatz, dem alten Baumbestand und den angrenzenden L\u00e4ndereien ergibt sich ein authentisches Dokument vom Wohnen und Arbeiten eines Moorbauern in alter Zeit.<\/p>\n\n\n\n<p>Der Heimatverein H\u00fcll hat es sich zur Aufgabe gemacht, dieses kulturhistorische Erbe in musealem Stil zu hegen und zu pflegen. Jedes Jahr fallen Renovierungen oder Bau neuer Geb\u00e4ude an, um dieses zu finanzieren veranstalten die Mitglieder des Heimatvereins 2 gro\u00dfe Feste auf dem Heimathof mit dem Schwerpunkt die alten Maschinen und Arbeitsweisen zu zeigen.<\/p>\n\n\n\n<p><\/p>\n","protected":false},"excerpt":{"rendered":"<p>Seit der Gr\u00fcndung des Heimatvereins wurde nach einem Anwesen gesucht um das Leben und Arbeiten, sowie Ger\u00e4te und Maschinen aus fr\u00fcheren Jahren zu zeigen. Im Jahr 1992 stand der &#8222;Elfersche Hof&#8220; zum Verkauf, seine Besitzer Johannes und Martha Elfers waren verstorben. Mit Hilfe der Gemeindeverwaltung und des Gemeinderates wurde am 8. Juli 1992 der Kaufvertrag &hellip; <\/p>\n<p class=\"link-more\"><a href=\"https:\/\/heimatverein-huell.de\/?page_id=17\" class=\"more-link\"><span class=\"screen-reader-text\">&#8222;Heimathof&#8220;<\/span> weiterlesen<\/a><\/p>\n","protected":false},"author":1,"featured_media":0,"parent":0,"menu_order":0,"comment_status":"closed","ping_status":"closed","template":"","meta":[],"_links":{"self":[{"href":"https:\/\/heimatverein-huell.de\/index.php?rest_route=\/wp\/v2\/pages\/17"}],"collection":[{"href":"https:\/\/heimatverein-huell.de\/index.php?rest_route=\/wp\/v2\/pages"}],"about":[{"href":"https:\/\/heimatverein-huell.de\/index.php?rest_route=\/wp\/v2\/types\/page"}],"author":[{"embeddable":true,"href":"https:\/\/heimatverein-huell.de\/index.php?rest_route=\/wp\/v2\/users\/1"}],"replies":[{"embeddable":true,"href":"https:\/\/heimatverein-huell.de\/index.php?rest_route=%2Fwp%2Fv2%2Fcomments&post=17"}],"version-history":[{"count":6,"href":"https:\/\/heimatverein-huell.de\/index.php?rest_route=\/wp\/v2\/pages\/17\/revisions"}],"predecessor-version":[{"id":140,"href":"https:\/\/heimatverein-huell.de\/index.php?rest_route=\/wp\/v2\/pages\/17\/revisions\/140"}],"wp:attachment":[{"href":"https:\/\/heimatverein-huell.de\/index.php?rest_route=%2Fwp%2Fv2%2Fmedia&parent=17"}],"curies":[{"name":"wp","href":"https:\/\/api.w.org\/{rel}","templated":true}]}}