{"id":18,"date":"2019-01-23T10:02:57","date_gmt":"2019-01-23T10:02:57","guid":{"rendered":"http:\/\/heimatverein-huell.de\/?page_id=18"},"modified":"2019-01-23T10:08:04","modified_gmt":"2019-01-23T10:08:04","slug":"home","status":"publish","type":"page","link":"https:\/\/heimatverein-huell.de\/","title":{"rendered":"Home"},"content":{"rendered":"\n<p>Der Heimatverein H\u00fcll und Umgebung\u00a0\u00a0e.V.\u00a0\u00a0\u00a0\u00a0\u00a0\u00a0\u00a0 <\/p>\n\n\n\n<p>\u00a0Am 11. Dezember 1980 trafen sich 42 interessierte Personen zu der Gr\u00fcndungsversammlung des Heimatvereins H\u00fcll in der Gastst\u00e4tte Thea von Holten.Der Verein arbeitet nach dem Grundsatz&#8220;Erhalten und Bewahren&#8220;der heute noch Aktuell ist und Bestand hat.\u00a0Dazu geh\u00f6ren :\u00a0<\/p>\n\n\n\n<ul><li>&nbsp;alte Sitten und Gebr\u00e4uche<\/li><li>Die Volks- und Heimatkunde&nbsp;<\/li><li>De plattd\u00fc\u00fctsche Sprook plegen&nbsp;&nbsp;<\/li><li>Das Sammeln alter Dokumente und Foto`s&nbsp;<\/li><li>Das Sammeln historischer landwirtschaftlich genutzter Gegenst\u00e4nde&nbsp;&nbsp;&nbsp;&nbsp;&nbsp;&nbsp;&nbsp;&nbsp;&nbsp;&nbsp;&nbsp;&nbsp;&nbsp;&nbsp;&nbsp;&nbsp;&nbsp;&nbsp;&nbsp;&nbsp;&nbsp;&nbsp;&nbsp;&nbsp;&nbsp;&nbsp;<\/li><li>Vorf\u00fchrungen und Darstellung alter Wirtschafts- und Lebensformen <\/li><li>Die Natur und unsere heimische Lebensr\u00e4ume<\/li><li>Eine harmonische Dorfgemeinschaft. <\/li><\/ul>\n\n\n\n<p>&nbsp;Bei der ersten Veranstaltung &#8222;Ut ole Tieden&#8220; zum 5-j\u00e4hrigen Bestehen des Heimatvereins wurde einem breiten Publikum die Arbeit des Heimatvereins und die Erinnerung an alte Arbeitsweisen n\u00e4her gebracht. Solange der Verein noch keine Hofstelle sein eigen nennen konnte wurden z.B.: <\/p>\n\n\n\n<ul><li>1989 &#8211; eine Getreideernte auf dem Land von Peter Schliecker&nbsp;im Alten Land <\/li><li>1990 &#8211; &#8222;Torfgroben as in ole Tieden&#8220; auf dem noch nicht&nbsp;abgetorften              Grundst\u00fcck von Gerd Oellrich in H\u00fcll&nbsp; <\/li><li>von 1985 &#8211; 1995 im zweij\u00e4hrigem Rhythmus ein Ernteabend  in der Gastwirtschaft von Holten, H\u00fcll veranstaltet. <\/li><li>Seit 1992 besitzt der Heimatverein eine Hofstelle in  21706 Drochtersen-H\u00fcll, Niederh\u00fclI 23, jetzt werden alle Veranstaltungen und Vorf\u00fchrungen auf diesem Gel\u00e4nde gezeigt. <\/li><\/ul>\n","protected":false},"excerpt":{"rendered":"<p>Der Heimatverein H\u00fcll und Umgebung\u00a0\u00a0e.V.\u00a0\u00a0\u00a0\u00a0\u00a0\u00a0\u00a0 \u00a0Am 11. Dezember 1980 trafen sich 42 interessierte Personen zu der Gr\u00fcndungsversammlung des Heimatvereins H\u00fcll in der Gastst\u00e4tte Thea von Holten.Der Verein arbeitet nach dem Grundsatz&#8220;Erhalten und Bewahren&#8220;der heute noch Aktuell ist und Bestand hat.\u00a0Dazu geh\u00f6ren :\u00a0 &nbsp;alte Sitten und Gebr\u00e4uche Die Volks- und Heimatkunde&nbsp; De plattd\u00fc\u00fctsche Sprook plegen&nbsp;&nbsp; Das &hellip; <\/p>\n<p class=\"link-more\"><a href=\"https:\/\/heimatverein-huell.de\/\" class=\"more-link\"><span class=\"screen-reader-text\">&#8222;Home&#8220;<\/span> weiterlesen<\/a><\/p>\n","protected":false},"author":1,"featured_media":0,"parent":0,"menu_order":0,"comment_status":"closed","ping_status":"closed","template":"","meta":[],"_links":{"self":[{"href":"https:\/\/heimatverein-huell.de\/index.php?rest_route=\/wp\/v2\/pages\/18"}],"collection":[{"href":"https:\/\/heimatverein-huell.de\/index.php?rest_route=\/wp\/v2\/pages"}],"about":[{"href":"https:\/\/heimatverein-huell.de\/index.php?rest_route=\/wp\/v2\/types\/page"}],"author":[{"embeddable":true,"href":"https:\/\/heimatverein-huell.de\/index.php?rest_route=\/wp\/v2\/users\/1"}],"replies":[{"embeddable":true,"href":"https:\/\/heimatverein-huell.de\/index.php?rest_route=%2Fwp%2Fv2%2Fcomments&post=18"}],"version-history":[{"count":5,"href":"https:\/\/heimatverein-huell.de\/index.php?rest_route=\/wp\/v2\/pages\/18\/revisions"}],"predecessor-version":[{"id":51,"href":"https:\/\/heimatverein-huell.de\/index.php?rest_route=\/wp\/v2\/pages\/18\/revisions\/51"}],"wp:attachment":[{"href":"https:\/\/heimatverein-huell.de\/index.php?rest_route=%2Fwp%2Fv2%2Fmedia&parent=18"}],"curies":[{"name":"wp","href":"https:\/\/api.w.org\/{rel}","templated":true}]}}