{"id":258,"date":"2024-04-07T13:45:47","date_gmt":"2024-04-07T13:45:47","guid":{"rendered":"https:\/\/heimatverein-huell.de\/?page_id=258"},"modified":"2024-04-07T13:55:33","modified_gmt":"2024-04-07T13:55:33","slug":"258-2","status":"publish","type":"page","link":"https:\/\/heimatverein-huell.de\/?page_id=258","title":{"rendered":"Trauungen"},"content":{"rendered":"\n<p><strong>standesamtliche Trauungen auf dem Heimathof<\/strong><\/p>\n\n\n\n<p>vom 1. Mai bis zum 30. September ist es m\u00f6glich auf der Diele des Heimathofes eine standesamtliche Trauung  zu feiern.<\/p>\n\n\n\n<p>Die Anmeldung erfolgt \u00fcber das Standesamt der Gemeinde Drochtersen und der R\u00fccksprache mit dem Heimatverein.<\/p>\n\n\n\n<p>Die Diele kann nach eigenen W\u00fcnschen dekoriert werden, St\u00fchle, Tische, Stehtische sowie Sektgl\u00e4ser sind vorhanden.<\/p>\n\n\n\n<p>Eine Spende f\u00fcr den Heimatverein in H\u00f6he von 100,&#8211; bis 150,&#8211; Euro sind erw\u00fcnscht.<\/p>\n\n\n\n<p>Kontakt:<\/p>\n\n\n\n<p>Antje Funck, 1. Vorsitzende Telefon 04775\/898547<\/p>\n\n\n\n<p>Helga Da\u00df, stellvertr. Schriftwart Telefon 04775\/665<\/p>\n","protected":false},"excerpt":{"rendered":"<p>standesamtliche Trauungen auf dem Heimathof vom 1. Mai bis zum 30. September ist es m\u00f6glich auf der Diele des Heimathofes eine standesamtliche Trauung zu feiern. Die Anmeldung erfolgt \u00fcber das Standesamt der Gemeinde Drochtersen und der R\u00fccksprache mit dem Heimatverein. Die Diele kann nach eigenen W\u00fcnschen dekoriert werden, St\u00fchle, Tische, Stehtische sowie Sektgl\u00e4ser sind vorhanden. &hellip; <\/p>\n<p class=\"link-more\"><a href=\"https:\/\/heimatverein-huell.de\/?page_id=258\" class=\"more-link\"><span class=\"screen-reader-text\">&#8222;Trauungen&#8220;<\/span> weiterlesen<\/a><\/p>\n","protected":false},"author":1,"featured_media":0,"parent":0,"menu_order":0,"comment_status":"closed","ping_status":"closed","template":"","meta":[],"_links":{"self":[{"href":"https:\/\/heimatverein-huell.de\/index.php?rest_route=\/wp\/v2\/pages\/258"}],"collection":[{"href":"https:\/\/heimatverein-huell.de\/index.php?rest_route=\/wp\/v2\/pages"}],"about":[{"href":"https:\/\/heimatverein-huell.de\/index.php?rest_route=\/wp\/v2\/types\/page"}],"author":[{"embeddable":true,"href":"https:\/\/heimatverein-huell.de\/index.php?rest_route=\/wp\/v2\/users\/1"}],"replies":[{"embeddable":true,"href":"https:\/\/heimatverein-huell.de\/index.php?rest_route=%2Fwp%2Fv2%2Fcomments&post=258"}],"version-history":[{"count":3,"href":"https:\/\/heimatverein-huell.de\/index.php?rest_route=\/wp\/v2\/pages\/258\/revisions"}],"predecessor-version":[{"id":262,"href":"https:\/\/heimatverein-huell.de\/index.php?rest_route=\/wp\/v2\/pages\/258\/revisions\/262"}],"wp:attachment":[{"href":"https:\/\/heimatverein-huell.de\/index.php?rest_route=%2Fwp%2Fv2%2Fmedia&parent=258"}],"curies":[{"name":"wp","href":"https:\/\/api.w.org\/{rel}","templated":true}]}}